{"id":379,"date":"2017-09-18T12:23:01","date_gmt":"2017-09-18T12:23:01","guid":{"rendered":"http:\/\/demo.mysterythemes.com\/news-portal-pro\/?page_id=5"},"modified":"2022-10-27T12:06:33","modified_gmt":"2022-10-27T09:06:33","slug":"home-2","status":"publish","type":"page","link":"https:\/\/www.tesmer.org.tr\/","title":{"rendered":"Home"},"content":{"rendered":"\n<pre class=\"wp-block-preformatted\"><\/pre>\n\n\n<div class=\"wp-block-post-date\"><time datetime=\"2017-09-18T12:23:01+03:00\">18 Eyl\u00fcl 2017<\/time><\/div>\n\n\n<figure class=\"wp-block-embed is-type-wp-embed is-provider-tesmer wp-block-embed-tesmer wp-embed-aspect-16-9 wp-has-aspect-ratio\"><div class=\"wp-block-embed__wrapper\">\nhttp:\/\/www3.tesmer.org.tr\n<\/div><\/figure>\n\n\n\n<div class=\"wp-block-group alignfull has-background\" style=\"background-color:#f8f4e4\"><div class=\"wp-block-group__inner-container is-layout-flow wp-block-group-is-layout-flow\">\n<div class=\"wp-block-columns alignwide is-layout-flex wp-container-core-columns-is-layout-9d6595d7 wp-block-columns-is-layout-flex\">\n<div class=\"wp-block-column is-layout-flow wp-block-column-is-layout-flow\">\n<div style=\"height:100px\" aria-hidden=\"true\" class=\"wp-block-spacer\"><\/div>\n\n\n\n<h6 class=\"has-text-color wp-block-heading\" id=\"ecosystem\" style=\"color:#000000\">EKOS\u0130STEM<\/h6>\n\n\n\n<p class=\"has-text-color\" style=\"color:#000000;font-size:5vw;line-height:1.1\"><strong>Pozitif b\u00fcy\u00fcme.<\/strong><\/p>\n\n\n\n<div style=\"height:5px\" aria-hidden=\"true\" class=\"wp-block-spacer\"><\/div>\n<\/div>\n<\/div>\n\n\n\n<div class=\"wp-block-columns alignwide is-layout-flex wp-container-core-columns-is-layout-9d6595d7 wp-block-columns-is-layout-flex\">\n<div class=\"wp-block-column is-layout-flow wp-block-column-is-layout-flow\" style=\"flex-basis:33.38%\">\n<p class=\"has-text-color has-extra-small-font-size\" style=\"color:#000000\"><em>Do\u011fa<\/em>, sa\u011fduyuda, insan taraf\u0131ndan de\u011fi\u015fmemi\u015f \u00f6zleri ifade eder; Uzay, hava, nehir, yaprak.&nbsp;<em>Sanat,<\/em> bir evde, bir kanalda, bir heykelde, bir resimde oldu\u011fu gibi, ayn\u0131 \u015feylerle kendi iradesi kar\u0131\u015f\u0131m\u0131na uygulan\u0131r. Ama birlikte ald\u0131\u011f\u0131 i\u015flemler o kadar \u00f6nemsiz, biraz yontma, pi\u015firme, yamalama ve y\u0131kama, insan zihnindeki d\u00fcnyan\u0131nki kadar b\u00fcy\u00fck bir izlenimle, sonucu de\u011fi\u015ftirmiyor.<\/p>\n<\/div>\n\n\n\n<div class=\"wp-block-column is-layout-flow wp-block-column-is-layout-flow\" style=\"flex-basis:33%\">\n<div style=\"height:100px\" aria-hidden=\"true\" class=\"wp-block-spacer\"><\/div>\n\n\n\n<figure class=\"wp-block-image size-large\"><img decoding=\"async\" src=\"https:\/\/s.w.org\/images\/core\/5.8\/outside-01.jpg\" alt=\"The sun setting through a dense forest.\"\/><\/figure>\n<\/div>\n\n\n\n<div class=\"wp-block-column is-layout-flow wp-block-column-is-layout-flow\" style=\"flex-basis:33.62%\">\n<figure class=\"wp-block-image size-large\"><img decoding=\"async\" src=\"https:\/\/s.w.org\/images\/core\/5.8\/outside-02.jpg\" alt=\"R\u00fczgar t\u00fcrbinleri \u00e7imenli bir d\u00fczl\u00fckte, mavi bir g\u00f6ky\u00fcz\u00fcne kar\u015f\u0131 duruyor.\"\/><\/figure>\n<\/div>\n<\/div>\n\n\n\n<div class=\"wp-block-columns alignwide is-layout-flex wp-container-core-columns-is-layout-9d6595d7 wp-block-columns-is-layout-flex\">\n<div class=\"wp-block-column is-layout-flow wp-block-column-is-layout-flow\" style=\"flex-basis:67%\">\n<div class=\"wp-block-image\"><figure class=\"alignright size-large\"><img decoding=\"async\" src=\"https:\/\/s.w.org\/images\/core\/5.8\/outside-03.jpg\" alt=\"G\u00fcne\u015f k\u0131y\u0131ya do\u011fru giden bir s\u0131rt\u0131n \u00fczerinde parl\u0131yor. Uzakta, bir araba yolda ilerliyor.\"\/><\/figure><\/div>\n<\/div>\n\n\n\n<div class=\"wp-block-column is-vertically-aligned-center is-layout-flow wp-block-column-is-layout-flow\" style=\"flex-basis:33%\">\n<p class=\"has-text-color has-extra-small-font-size\" style=\"color:#000000\">Ku\u015fkusuz cevaplanamayan hi\u00e7bir sorumuz yok. \u015eimdiye kadar yarat\u0131l\u0131\u015f\u0131n m\u00fckemmelli\u011fine g\u00fcvenmeliyiz, \u00e7\u00fcnk\u00fc zihinlerimizde \u015feylerin d\u00fczeni ne kadar merak uyand\u0131rm\u0131\u015f olursa olsun, \u015feylerin d\u00fczeninin tatmin edebilece\u011fine inanmal\u0131y\u0131z. Her erke\u011fin durumu hiyeroglif olarak ortaya koyaca\u011f\u0131 sorulara bir \u00e7\u00f6z\u00fcmd\u00fcr.<\/p>\n<\/div>\n<\/div>\n<\/div><\/div>\n\n\n\n<div class=\"wp-block-group alignfull has-background\" style=\"background-color:#f2f0e9\"><div class=\"wp-block-group__inner-container is-layout-flow wp-block-group-is-layout-flow\">\n<div style=\"height:70px\" aria-hidden=\"true\" class=\"wp-block-spacer\"><\/div>\n\n\n\n<div class=\"wp-block-columns alignwide are-vertically-aligned-center is-layout-flex wp-container-core-columns-is-layout-9d6595d7 wp-block-columns-is-layout-flex\">\n<div class=\"wp-block-column is-layout-flow wp-block-column-is-layout-flow\" style=\"flex-basis:50%\">\n<p class=\"has-text-color\" style=\"color:#000000;font-size:30px;line-height:1.1\"><strong>Okyanus ilham\u0131<\/strong><\/p>\n<\/div>\n\n\n\n<div class=\"wp-block-column is-layout-flow wp-block-column-is-layout-flow\" style=\"flex-basis:50%\">\n<hr class=\"wp-block-separator has-text-color has-background is-style-wide\" style=\"background-color:#000000;color:#000000\"\/>\n<\/div>\n<\/div>\n\n\n\n<div class=\"wp-block-columns alignwide is-layout-flex wp-container-core-columns-is-layout-9d6595d7 wp-block-columns-is-layout-flex\">\n<div class=\"wp-block-column is-layout-flow wp-block-column-is-layout-flow\"><\/div>\n\n\n\n<div class=\"wp-block-column is-layout-flow wp-block-column-is-layout-flow\">\n<p class=\"has-text-color has-extra-small-font-size\" style=\"color:#000000\">Ba\u015flar\u0131n\u0131n etraf\u0131nda sarma pe\u00e7eler, kad\u0131nlar g\u00fcvertede y\u00fcr\u00fcd\u00fc. \u015eimdi nehirden a\u015fa\u011f\u0131 do\u011fru istikrarl\u0131 bir \u015fekilde ilerliyorlard\u0131, demirdeki gemilerin karanl\u0131k \u015fekillerini ge\u00e7iyorlard\u0131 ve Londra, \u00fczerinde soluk sar\u0131 bir g\u00f6lgelik sark\u0131k bir \u0131\u015f\u0131k s\u00fcr\u00fcs\u00fcyd\u00fc. B\u00fcy\u00fck tiyatrolar\u0131n \u0131\u015f\u0131klar\u0131, uzun sokaklar\u0131n \u0131\u015f\u0131klar\u0131, evsel konforun devasa karelerini g\u00f6steren \u0131\u015f\u0131klar, havada y\u00fckseklere sarkan \u0131\u015f\u0131klar vard\u0131.<\/p>\n<\/div>\n\n\n\n<div class=\"wp-block-column is-layout-flow wp-block-column-is-layout-flow\">\n<p class=\"has-text-color has-extra-small-font-size\" style=\"color:#000000\">Y\u00fczlerce y\u0131ld\u0131r \u00fczerlerine hi\u00e7bir karanl\u0131k yerle\u015fmemi\u015fti. Kasaban\u0131n sonsuza kadar ayn\u0131 yerde alev almas\u0131 korkun\u00e7 g\u00f6r\u00fcn\u00fcyordu; en az\u0131ndan deniz \u00fczerinde maceraya giden insanlar i\u00e7in korkun\u00e7 ve onu sonsuza dek yanm\u0131\u015f, sonsuza dek yaralanm\u0131\u015f, ku\u015fat\u0131lm\u0131\u015f bir h\u00f6y\u00fck olarak g\u00f6rmek. Geminin g\u00fcvertesinden b\u00fcy\u00fck \u015fehir \u00e7\u00f6melmi\u015f ve korkak bir fig\u00fcr, hareketsiz bir cimri ortaya \u00e7\u0131kt\u0131.<\/p>\n<\/div>\n<\/div>\n\n\n\n<div style=\"height:40px\" aria-hidden=\"true\" class=\"wp-block-spacer\"><\/div>\n<\/div><\/div>\n\n\n\n<div class=\"wp-block-group alignfull has-background\" style=\"background-color:#f8f4e4\"><div class=\"wp-block-group__inner-container is-layout-flow wp-block-group-is-layout-flow\">\n<div class=\"wp-block-columns alignwide is-layout-flex wp-container-core-columns-is-layout-9d6595d7 wp-block-columns-is-layout-flex\">\n<div class=\"wp-block-column is-layout-flow wp-block-column-is-layout-flow\">\n<div style=\"height:100px\" aria-hidden=\"true\" class=\"wp-block-spacer\"><\/div>\n\n\n\n<h6 class=\"has-text-color wp-block-heading\" id=\"ecosystem\" style=\"color:#000000\">ECOSYSTEM<\/h6>\n\n\n\n<p class=\"has-text-color\" style=\"color:#000000;font-size:5vw;line-height:1.1\"><strong>Positive growth.<\/strong><\/p>\n\n\n\n<div style=\"height:5px\" aria-hidden=\"true\" class=\"wp-block-spacer\"><\/div>\n<\/div>\n<\/div>\n\n\n\n<div class=\"wp-block-columns alignwide is-layout-flex wp-container-core-columns-is-layout-9d6595d7 wp-block-columns-is-layout-flex\">\n<div class=\"wp-block-column is-layout-flow wp-block-column-is-layout-flow\" style=\"flex-basis:33.38%\">\n<p class=\"has-text-color has-extra-small-font-size\" style=\"color:#000000\"><em>Nature<\/em>, in the common sense, refers to essences unchanged by man; space, the air, the river, the leaf.&nbsp;<em>Art<\/em>&nbsp;is applied to the mixture of his will with the same things, as in a house, a canal, a statue, a picture. But his operations taken together are so insignificant, a little chipping, baking, patching, and washing, that in an impression so grand as that of the world on the human mind, they do not vary the result.<\/p>\n<\/div>\n\n\n\n<div class=\"wp-block-column is-layout-flow wp-block-column-is-layout-flow\" style=\"flex-basis:33%\">\n<div style=\"height:100px\" aria-hidden=\"true\" class=\"wp-block-spacer\"><\/div>\n\n\n\n<figure class=\"wp-block-image size-large\"><img decoding=\"async\" src=\"https:\/\/s.w.org\/images\/core\/5.8\/outside-01.jpg\" alt=\"The sun setting through a dense forest.\"\/><\/figure>\n<\/div>\n\n\n\n<div class=\"wp-block-column is-layout-flow wp-block-column-is-layout-flow\" style=\"flex-basis:33.62%\">\n<figure class=\"wp-block-image size-large\"><img decoding=\"async\" src=\"https:\/\/s.w.org\/images\/core\/5.8\/outside-02.jpg\" alt=\"Wind turbines standing on a grassy plain, against a blue sky.\"\/><\/figure>\n<\/div>\n<\/div>\n\n\n\n<div class=\"wp-block-columns alignwide is-layout-flex wp-container-core-columns-is-layout-9d6595d7 wp-block-columns-is-layout-flex\">\n<div class=\"wp-block-column is-layout-flow wp-block-column-is-layout-flow\" style=\"flex-basis:67%\">\n<div class=\"wp-block-image\"><figure class=\"alignright size-large\"><img decoding=\"async\" src=\"https:\/\/s.w.org\/images\/core\/5.8\/outside-03.jpg\" alt=\"The sun shining over a ridge leading down into the shore. In the distance, a car drives down a road.\"\/><\/figure><\/div>\n<\/div>\n\n\n\n<div class=\"wp-block-column is-vertically-aligned-center is-layout-flow wp-block-column-is-layout-flow\" style=\"flex-basis:33%\">\n<p class=\"has-text-color has-extra-small-font-size\" style=\"color:#000000\">Undoubtedly we have no questions to ask which are unanswerable. We must trust the perfection of the creation so far, as to believe that whatever curiosity the order of things has awakened in our minds, the order of things can satisfy. Every man&#8217;s condition is a solution in hieroglyphic to those inquiries he would put.<\/p>\n<\/div>\n<\/div>\n<\/div><\/div>\n\n\n\n<div class=\"wp-block-group alignfull has-background\" style=\"background-color:#f2f0e9\"><div class=\"wp-block-group__inner-container is-layout-flow wp-block-group-is-layout-flow\">\n<div style=\"height:70px\" aria-hidden=\"true\" class=\"wp-block-spacer\"><\/div>\n\n\n\n<div class=\"wp-block-columns alignwide are-vertically-aligned-center is-layout-flex wp-container-core-columns-is-layout-9d6595d7 wp-block-columns-is-layout-flex\">\n<div class=\"wp-block-column is-layout-flow wp-block-column-is-layout-flow\" style=\"flex-basis:50%\">\n<p class=\"has-text-color\" style=\"color:#000000;font-size:30px;line-height:1.1\"><strong>Oceanic Inspiration<\/strong><\/p>\n<\/div>\n\n\n\n<div class=\"wp-block-column is-layout-flow wp-block-column-is-layout-flow\" style=\"flex-basis:50%\">\n<hr class=\"wp-block-separator has-text-color has-background is-style-wide\" style=\"background-color:#000000;color:#000000\"\/>\n<\/div>\n<\/div>\n\n\n\n<div class=\"wp-block-columns alignwide is-layout-flex wp-container-core-columns-is-layout-9d6595d7 wp-block-columns-is-layout-flex\">\n<div class=\"wp-block-column is-layout-flow wp-block-column-is-layout-flow\"><\/div>\n\n\n\n<div class=\"wp-block-column is-layout-flow wp-block-column-is-layout-flow\">\n<p class=\"has-text-color has-extra-small-font-size\" style=\"color:#000000\">Winding veils round their heads, the women walked on deck. They were now moving steadily down the river, passing the dark shapes of ships at anchor, and London was a swarm of lights with a pale yellow canopy drooping above it. There were the lights of the great theatres, the lights of the long streets, lights that indicated huge squares of domestic comfort, lights that hung high in air.<\/p>\n<\/div>\n\n\n\n<div class=\"wp-block-column is-layout-flow wp-block-column-is-layout-flow\">\n<p class=\"has-text-color has-extra-small-font-size\" style=\"color:#000000\">No darkness would ever settle upon those lamps, as no darkness had settled upon them for hundreds of years. It seemed dreadful that the town should blaze for ever in the same spot; dreadful at least to people going away to adventure upon the sea, and beholding it as a circumscribed mound, eternally burnt, eternally scarred. From the deck of the ship the great city appeared a crouched and cowardly figure, a sedentary miser.<\/p>\n<\/div>\n<\/div>\n\n\n\n<div style=\"height:40px\" aria-hidden=\"true\" class=\"wp-block-spacer\"><\/div>\n<\/div><\/div>\n","protected":false},"excerpt":{"rendered":"<p>EKOS\u0130STEM Pozitif b\u00fcy\u00fcme. Do\u011fa, sa\u011fduyuda, insan taraf\u0131ndan de\u011fi\u015fmemi\u015f \u00f6zleri ifade eder; Uzay, hava, nehir, yaprak.&nbsp;Sanat, bir evde, bir kanalda, bir heykelde, bir resimde oldu\u011fu gibi, ayn\u0131 \u015feylerle kendi iradesi kar\u0131\u015f\u0131m\u0131na uygulan\u0131r. Ama birlikte ald\u0131\u011f\u0131 i\u015flemler o kadar \u00f6nemsiz, biraz yontma, pi\u015firme, yamalama ve y\u0131kama, insan zihnindeki d\u00fcnyan\u0131nki kadar b\u00fcy\u00fck bir izlenimle, sonucu de\u011fi\u015ftirmiyor. Ku\u015fkusuz cevaplanamayan [&hellip;]<\/p>\n","protected":false},"author":1,"featured_media":0,"parent":0,"menu_order":0,"comment_status":"closed","ping_status":"closed","template":"templates\/template-home.php","meta":{"footnotes":""},"class_list":["post-379","page","type-page","status-publish","hentry"],"_links":{"self":[{"href":"https:\/\/www.tesmer.org.tr\/index.php?rest_route=\/wp\/v2\/pages\/379","targetHints":{"allow":["GET"]}}],"collection":[{"href":"https:\/\/www.tesmer.org.tr\/index.php?rest_route=\/wp\/v2\/pages"}],"about":[{"href":"https:\/\/www.tesmer.org.tr\/index.php?rest_route=\/wp\/v2\/types\/page"}],"author":[{"embeddable":true,"href":"https:\/\/www.tesmer.org.tr\/index.php?rest_route=\/wp\/v2\/users\/1"}],"replies":[{"embeddable":true,"href":"https:\/\/www.tesmer.org.tr\/index.php?rest_route=%2Fwp%2Fv2%2Fcomments&post=379"}],"version-history":[{"count":0,"href":"https:\/\/www.tesmer.org.tr\/index.php?rest_route=\/wp\/v2\/pages\/379\/revisions"}],"wp:attachment":[{"href":"https:\/\/www.tesmer.org.tr\/index.php?rest_route=%2Fwp%2Fv2%2Fmedia&parent=379"}],"curies":[{"name":"wp","href":"https:\/\/api.w.org\/{rel}","templated":true}]}}